{"id":433,"date":"2022-09-07T13:56:34","date_gmt":"2022-09-07T13:56:34","guid":{"rendered":"https:\/\/managerino.de\/?page_id=433"},"modified":"2022-09-09T08:01:57","modified_gmt":"2022-09-09T08:01:57","slug":"individuell-anpassbar","status":"publish","type":"page","link":"https:\/\/managerino.de\/?page_id=433","title":{"rendered":"Individuell anpassbar"},"content":{"rendered":"\n<p>Managerino\u00ae passt sich Ihren Bed\u00fcrfnissen an. Wie effizient Sie Ihre Anforderungen mit Managerino\u00ae umsetzen k\u00f6nnen, sollen Ihnen die folgenden Beispiele verdeutlichen:<\/p>\n\n\n\n<h2 class=\"wp-block-heading\"><strong>Organisationsstruktur erweitern<\/strong><\/h2>\n\n\n\n<br>\n\n\n\n<p>Das folgende Beispiel zeigt Ihnen, wie eine neue Abteilung &#8222;Ihre neue Abteilung&#8220; am Standort Frankfurt erstellt wird. Als Vorgesetzter der neuen Abteilung wird Hr. Martin Sommer zugeordnet. Dar\u00fcber hinaus soll Frau Brigitte Winter Hr. Herr Martin Sommer unterstellt sein. <\/p>\n\n\n\n<p><\/p>\n\n\n\n<figure class=\"wp-block-video\"><video height=\"619\" style=\"aspect-ratio: 1087 \/ 619;\" width=\"1087\" controls src=\"https:\/\/managerino.de\/wp-content\/uploads\/2022\/09\/Bildschirmaufnahme-2022-09-07-um-15.42.10.mov\" playsinline><\/video><\/figure>\n\n\n\n<br><br>\n\n\n\n<h2 class=\"wp-block-heading\">Vertretungsregelung hinzuf\u00fcgen<\/h2>\n\n\n\n<br>\n\n\n\n<p>Managerino\u00ae verf\u00fcgt \u00fcber eine integrierte Workflow-Engine. Damit Workflow-Freigaben auch w\u00e4hrend der Abwesenheiten von F\u00fchrungskr\u00e4ften bearbeitet werden k\u00f6nnen, kann die F\u00fchrungskraft seine Vertretungen in zeitlicher Abh\u00e4ngigkeit hinterlegen. In unserem Beispiel hat es Hr. Schmitt zum Urlaubsantritt vers\u00e4umt, Hr. Sommer als Vertretung zu pflegen. Der HCM-Administrator wird daher die Vertretung f\u00fcr Hr. Schmitt pflegen.<\/p>\n\n\n\n<figure class=\"wp-block-video\"><video height=\"717\" style=\"aspect-ratio: 1653 \/ 717;\" width=\"1653\" controls src=\"https:\/\/managerino.de\/wp-content\/uploads\/2022\/09\/Vertretungsregel.mov\"><\/video><\/figure>\n\n\n\n<br><br>\n\n\n\n<h2 class=\"wp-block-heading\">Neuen Arbeitszeitplan<\/h2>\n\n\n\n<br>\n\n\n\n<p>Hr. Mazza stockt seine Wochenarbeitszeit von 35 auf 40 Stunden auf. Der bisherige Arbeitszeitplan von 35 Wochenstunden soll weiterhin g\u00fcltig sein. Es wird daher ein neuer Arbeitszeitplan ben\u00f6tigt, welcher wie folgt einzurichten ist:<\/p>\n\n\n\n<ul class=\"wp-block-list\"><li>G\u00fcltig vom 01.09.2022 bis 31.12.2030<\/li><li>40 Stunden Arbeitszeit pro Woche<\/li><li>Feiertagskalender f\u00fcr das Bundesland Hessen<\/li><li>\u00dcberstundensaldo bis max. 75 plus Stunden<\/li><li>Direkte Kappung bei \u00dcberschreitung<\/li><li>Kernarbeitszeit von Montag bis Freitag<ul><li>Flexibler Arbeitsbeginn zwischen 06:00 und 09:00 Uhr.<\/li><li>Flexibles Arbeitsende zwischen 15:00 und 19:00 Uhr.<\/li><\/ul><\/li><\/ul>\n\n\n\n<figure class=\"wp-block-video\"><video height=\"1586\" style=\"aspect-ratio: 2786 \/ 1586;\" width=\"2786\" controls src=\"https:\/\/www.managerino.de\/wp-content\/uploads\/2022\/09\/Neuer-Arbeitszeitplan.mp4\"><\/video><\/figure>\n","protected":false},"excerpt":{"rendered":"<p>Managerino\u00ae passt sich Ihren Bed\u00fcrfnissen an. Wie effizient Sie Ihre Anforderungen mit Managerino\u00ae umsetzen k\u00f6nnen, sollen Ihnen die folgenden Beispiele verdeutlichen: Organisationsstruktur erweitern Das folgende Beispiel zeigt Ihnen, wie eine [&hellip;]<\/p>\n","protected":false},"author":1,"featured_media":0,"parent":0,"menu_order":0,"comment_status":"closed","ping_status":"closed","template":"","meta":{"footnotes":""},"class_list":["post-433","page","type-page","status-publish","hentry"],"yoast_head":"<!-- This site is optimized with the Yoast SEO plugin v27.4 - https:\/\/yoast.com\/product\/yoast-seo-wordpress\/ -->\n<title>Individuell anpassbar - Managerino<\/title>\n<meta name=\"robots\" content=\"index, follow, max-snippet:-1, max-image-preview:large, max-video-preview:-1\" \/>\n<link rel=\"canonical\" href=\"https:\/\/managerino.de\/?page_id=433\" \/>\n<meta property=\"og:locale\" content=\"de_DE\" \/>\n<meta property=\"og:type\" content=\"article\" \/>\n<meta property=\"og:title\" content=\"Individuell anpassbar - Managerino\" \/>\n<meta property=\"og:description\" content=\"Managerino\u00ae passt sich Ihren Bed\u00fcrfnissen an. Wie effizient Sie Ihre Anforderungen mit Managerino\u00ae umsetzen k\u00f6nnen, sollen Ihnen die folgenden Beispiele verdeutlichen: Organisationsstruktur erweitern Das folgende Beispiel zeigt Ihnen, wie eine [&hellip;]\" \/>\n<meta property=\"og:url\" content=\"https:\/\/managerino.de\/?page_id=433\" \/>\n<meta property=\"og:site_name\" content=\"Managerino\" \/>\n<meta property=\"article:modified_time\" content=\"2022-09-09T08:01:57+00:00\" \/>\n<meta name=\"twitter:card\" content=\"summary_large_image\" \/>\n<meta name=\"twitter:label1\" content=\"Gesch\u00e4tzte Lesezeit\" \/>\n\t<meta name=\"twitter:data1\" content=\"2\u00a0Minuten\" \/>\n<script type=\"application\/ld+json\" class=\"yoast-schema-graph\">{\"@context\":\"https:\\\/\\\/schema.org\",\"@graph\":[{\"@type\":\"WebPage\",\"@id\":\"https:\\\/\\\/managerino.de\\\/?page_id=433\",\"url\":\"https:\\\/\\\/managerino.de\\\/?page_id=433\",\"name\":\"Individuell anpassbar - Managerino\",\"isPartOf\":{\"@id\":\"https:\\\/\\\/managerino.de\\\/#website\"},\"datePublished\":\"2022-09-07T13:56:34+00:00\",\"dateModified\":\"2022-09-09T08:01:57+00:00\",\"breadcrumb\":{\"@id\":\"https:\\\/\\\/managerino.de\\\/?page_id=433#breadcrumb\"},\"inLanguage\":\"de\",\"potentialAction\":[{\"@type\":\"ReadAction\",\"target\":[\"https:\\\/\\\/managerino.de\\\/?page_id=433\"]}]},{\"@type\":\"BreadcrumbList\",\"@id\":\"https:\\\/\\\/managerino.de\\\/?page_id=433#breadcrumb\",\"itemListElement\":[{\"@type\":\"ListItem\",\"position\":1,\"name\":\"Startseite\",\"item\":\"https:\\\/\\\/managerino.de\\\/\"},{\"@type\":\"ListItem\",\"position\":2,\"name\":\"Individuell anpassbar\"}]},{\"@type\":\"WebSite\",\"@id\":\"https:\\\/\\\/managerino.de\\\/#website\",\"url\":\"https:\\\/\\\/managerino.de\\\/\",\"name\":\"Managerino\",\"description\":\"manage employees, work efficiently!\",\"publisher\":{\"@id\":\"https:\\\/\\\/managerino.de\\\/#organization\"},\"potentialAction\":[{\"@type\":\"SearchAction\",\"target\":{\"@type\":\"EntryPoint\",\"urlTemplate\":\"https:\\\/\\\/managerino.de\\\/?s={search_term_string}\"},\"query-input\":{\"@type\":\"PropertyValueSpecification\",\"valueRequired\":true,\"valueName\":\"search_term_string\"}}],\"inLanguage\":\"de\"},{\"@type\":\"Organization\",\"@id\":\"https:\\\/\\\/managerino.de\\\/#organization\",\"name\":\"Managerino\",\"url\":\"https:\\\/\\\/managerino.de\\\/\",\"logo\":{\"@type\":\"ImageObject\",\"inLanguage\":\"de\",\"@id\":\"https:\\\/\\\/managerino.de\\\/#\\\/schema\\\/logo\\\/image\\\/\",\"url\":\"https:\\\/\\\/managerino.de\\\/wp-content\\\/uploads\\\/2021\\\/12\\\/cropped-IconOnly.png\",\"contentUrl\":\"https:\\\/\\\/managerino.de\\\/wp-content\\\/uploads\\\/2021\\\/12\\\/cropped-IconOnly.png\",\"width\":1024,\"height\":1024,\"caption\":\"Managerino\"},\"image\":{\"@id\":\"https:\\\/\\\/managerino.de\\\/#\\\/schema\\\/logo\\\/image\\\/\"}}]}<\/script>\n<!-- \/ Yoast SEO plugin. -->","yoast_head_json":{"title":"Individuell anpassbar - Managerino","robots":{"index":"index","follow":"follow","max-snippet":"max-snippet:-1","max-image-preview":"max-image-preview:large","max-video-preview":"max-video-preview:-1"},"canonical":"https:\/\/managerino.de\/?page_id=433","og_locale":"de_DE","og_type":"article","og_title":"Individuell anpassbar - Managerino","og_description":"Managerino\u00ae passt sich Ihren Bed\u00fcrfnissen an. Wie effizient Sie Ihre Anforderungen mit Managerino\u00ae umsetzen k\u00f6nnen, sollen Ihnen die folgenden Beispiele verdeutlichen: Organisationsstruktur erweitern Das folgende Beispiel zeigt Ihnen, wie eine [&hellip;]","og_url":"https:\/\/managerino.de\/?page_id=433","og_site_name":"Managerino","article_modified_time":"2022-09-09T08:01:57+00:00","twitter_card":"summary_large_image","twitter_misc":{"Gesch\u00e4tzte Lesezeit":"2\u00a0Minuten"},"schema":{"@context":"https:\/\/schema.org","@graph":[{"@type":"WebPage","@id":"https:\/\/managerino.de\/?page_id=433","url":"https:\/\/managerino.de\/?page_id=433","name":"Individuell anpassbar - Managerino","isPartOf":{"@id":"https:\/\/managerino.de\/#website"},"datePublished":"2022-09-07T13:56:34+00:00","dateModified":"2022-09-09T08:01:57+00:00","breadcrumb":{"@id":"https:\/\/managerino.de\/?page_id=433#breadcrumb"},"inLanguage":"de","potentialAction":[{"@type":"ReadAction","target":["https:\/\/managerino.de\/?page_id=433"]}]},{"@type":"BreadcrumbList","@id":"https:\/\/managerino.de\/?page_id=433#breadcrumb","itemListElement":[{"@type":"ListItem","position":1,"name":"Startseite","item":"https:\/\/managerino.de\/"},{"@type":"ListItem","position":2,"name":"Individuell anpassbar"}]},{"@type":"WebSite","@id":"https:\/\/managerino.de\/#website","url":"https:\/\/managerino.de\/","name":"Managerino","description":"manage employees, work efficiently!","publisher":{"@id":"https:\/\/managerino.de\/#organization"},"potentialAction":[{"@type":"SearchAction","target":{"@type":"EntryPoint","urlTemplate":"https:\/\/managerino.de\/?s={search_term_string}"},"query-input":{"@type":"PropertyValueSpecification","valueRequired":true,"valueName":"search_term_string"}}],"inLanguage":"de"},{"@type":"Organization","@id":"https:\/\/managerino.de\/#organization","name":"Managerino","url":"https:\/\/managerino.de\/","logo":{"@type":"ImageObject","inLanguage":"de","@id":"https:\/\/managerino.de\/#\/schema\/logo\/image\/","url":"https:\/\/managerino.de\/wp-content\/uploads\/2021\/12\/cropped-IconOnly.png","contentUrl":"https:\/\/managerino.de\/wp-content\/uploads\/2021\/12\/cropped-IconOnly.png","width":1024,"height":1024,"caption":"Managerino"},"image":{"@id":"https:\/\/managerino.de\/#\/schema\/logo\/image\/"}}]}},"_links":{"self":[{"href":"https:\/\/managerino.de\/index.php?rest_route=\/wp\/v2\/pages\/433","targetHints":{"allow":["GET"]}}],"collection":[{"href":"https:\/\/managerino.de\/index.php?rest_route=\/wp\/v2\/pages"}],"about":[{"href":"https:\/\/managerino.de\/index.php?rest_route=\/wp\/v2\/types\/page"}],"author":[{"embeddable":true,"href":"https:\/\/managerino.de\/index.php?rest_route=\/wp\/v2\/users\/1"}],"replies":[{"embeddable":true,"href":"https:\/\/managerino.de\/index.php?rest_route=%2Fwp%2Fv2%2Fcomments&post=433"}],"version-history":[{"count":11,"href":"https:\/\/managerino.de\/index.php?rest_route=\/wp\/v2\/pages\/433\/revisions"}],"predecessor-version":[{"id":482,"href":"https:\/\/managerino.de\/index.php?rest_route=\/wp\/v2\/pages\/433\/revisions\/482"}],"wp:attachment":[{"href":"https:\/\/managerino.de\/index.php?rest_route=%2Fwp%2Fv2%2Fmedia&parent=433"}],"curies":[{"name":"wp","href":"https:\/\/api.w.org\/{rel}","templated":true}]}}