{"id":437,"date":"2022-09-07T14:06:59","date_gmt":"2022-09-07T14:06:59","guid":{"rendered":"https:\/\/managerino.de\/?page_id=437"},"modified":"2022-09-14T08:53:23","modified_gmt":"2022-09-14T08:53:23","slug":"managerino-warum","status":"publish","type":"page","link":"https:\/\/managerino.de\/?page_id=437","title":{"rendered":"Managerino-warum?"},"content":{"rendered":"\n<figure class=\"wp-block-pullquote\"><blockquote><p><a href=\"https:\/\/www.managerino.de\/zeiterfassungsterminals\">Individuelle Zeiterfassungsger\u00e4te<\/a><\/p><cite><a href=\"https:\/\/www.managerino.de\/zeiterfassungsterminals\">Erfassen Sie die Arbeitszeiten Ihrer Mitarbeiterinnen und Mitarbeiter klassisch \u00fcber Zeiterfassungsger\u00e4te per Chip, Mitarbeiterausweis, NFC oder online.<\/a><\/cite><\/blockquote><\/figure>\n\n\n\n<figure class=\"wp-block-pullquote\" style=\"font-style:normal;font-weight:200\"><blockquote><p><a href=\"https:\/\/www.managerino.de\/individuell-anpassbar\">Individuell anpassbar<\/a><\/p><cite><a href=\"https:\/\/www.managerino.de\/individuell-anpassbar\">Moderne, intuitive und benutzerfreundliche Bedienung mit modernster Technologie zur Anpassung an jedes Endger\u00e4t.<\/a><\/cite><\/blockquote><\/figure>\n\n\n\n<figure class=\"wp-block-pullquote\" style=\"font-style:normal;font-weight:200\"><blockquote><p><a href=\"https:\/\/www.managerino.de\/digitale-personalakte\">Digitale Personalakte<\/a><\/p><cite><a href=\"https:\/\/www.managerino.de\/digitale-personalakte\">Verwalten Sie alle Dokumente Ihrer Mitarbeiter und ersetzen Sie damit Ihr Aktenarchiv. Setzten Sie Fristen auf Dokumente und lassen Sie sich erinnern.<\/a><\/cite><\/blockquote><\/figure>\n\n\n\n<figure class=\"wp-block-pullquote\"><blockquote><p><a href=\"https:\/\/www.managerino.de\/support\">Support<\/a><\/p><cite><a href=\"https:\/\/www.managerino.de\/support\">Deutschsprachiger Support mit Sitz in Deutschland f\u00fcr Hard- und Software. Wir sichern Daten t\u00e4glich, um den optimalen Schutz Ihrer Daten zu gew\u00e4hrleisten.<\/a><\/cite><\/blockquote><\/figure>\n","protected":false},"excerpt":{"rendered":"<p>Individuelle Zeiterfassungsger\u00e4te Erfassen Sie die Arbeitszeiten Ihrer Mitarbeiterinnen und Mitarbeiter klassisch \u00fcber Zeiterfassungsger\u00e4te per Chip, Mitarbeiterausweis, NFC oder online. Individuell anpassbar Moderne, intuitive und benutzerfreundliche Bedienung mit modernster Technologie zur [&hellip;]<\/p>\n","protected":false},"author":1,"featured_media":0,"parent":0,"menu_order":0,"comment_status":"closed","ping_status":"closed","template":"","meta":{"footnotes":""},"class_list":["post-437","page","type-page","status-publish","hentry"],"yoast_head":"<!-- This site is optimized with the Yoast SEO plugin v27.4 - https:\/\/yoast.com\/product\/yoast-seo-wordpress\/ -->\n<title>Managerino-warum? - Managerino<\/title>\n<meta name=\"robots\" content=\"index, follow, max-snippet:-1, max-image-preview:large, max-video-preview:-1\" \/>\n<link rel=\"canonical\" href=\"https:\/\/managerino.de\/?page_id=437\" \/>\n<meta property=\"og:locale\" content=\"de_DE\" \/>\n<meta property=\"og:type\" content=\"article\" \/>\n<meta property=\"og:title\" content=\"Managerino-warum? - Managerino\" \/>\n<meta property=\"og:description\" content=\"Individuelle Zeiterfassungsger\u00e4te Erfassen Sie die Arbeitszeiten Ihrer Mitarbeiterinnen und Mitarbeiter klassisch \u00fcber Zeiterfassungsger\u00e4te per Chip, Mitarbeiterausweis, NFC oder online. Individuell anpassbar Moderne, intuitive und benutzerfreundliche Bedienung mit modernster Technologie zur [&hellip;]\" \/>\n<meta property=\"og:url\" content=\"https:\/\/managerino.de\/?page_id=437\" \/>\n<meta property=\"og:site_name\" content=\"Managerino\" \/>\n<meta property=\"article:modified_time\" content=\"2022-09-14T08:53:23+00:00\" \/>\n<meta name=\"twitter:card\" content=\"summary_large_image\" \/>\n<meta name=\"twitter:label1\" content=\"Gesch\u00e4tzte Lesezeit\" \/>\n\t<meta name=\"twitter:data1\" content=\"1\u00a0Minute\" \/>\n<script type=\"application\/ld+json\" class=\"yoast-schema-graph\">{\"@context\":\"https:\\\/\\\/schema.org\",\"@graph\":[{\"@type\":\"WebPage\",\"@id\":\"https:\\\/\\\/managerino.de\\\/?page_id=437\",\"url\":\"https:\\\/\\\/managerino.de\\\/?page_id=437\",\"name\":\"Managerino-warum? - Managerino\",\"isPartOf\":{\"@id\":\"https:\\\/\\\/managerino.de\\\/#website\"},\"datePublished\":\"2022-09-07T14:06:59+00:00\",\"dateModified\":\"2022-09-14T08:53:23+00:00\",\"breadcrumb\":{\"@id\":\"https:\\\/\\\/managerino.de\\\/?page_id=437#breadcrumb\"},\"inLanguage\":\"de\",\"potentialAction\":[{\"@type\":\"ReadAction\",\"target\":[\"https:\\\/\\\/managerino.de\\\/?page_id=437\"]}]},{\"@type\":\"BreadcrumbList\",\"@id\":\"https:\\\/\\\/managerino.de\\\/?page_id=437#breadcrumb\",\"itemListElement\":[{\"@type\":\"ListItem\",\"position\":1,\"name\":\"Startseite\",\"item\":\"https:\\\/\\\/managerino.de\\\/\"},{\"@type\":\"ListItem\",\"position\":2,\"name\":\"Managerino-warum?\"}]},{\"@type\":\"WebSite\",\"@id\":\"https:\\\/\\\/managerino.de\\\/#website\",\"url\":\"https:\\\/\\\/managerino.de\\\/\",\"name\":\"Managerino\",\"description\":\"manage employees, work efficiently!\",\"publisher\":{\"@id\":\"https:\\\/\\\/managerino.de\\\/#organization\"},\"potentialAction\":[{\"@type\":\"SearchAction\",\"target\":{\"@type\":\"EntryPoint\",\"urlTemplate\":\"https:\\\/\\\/managerino.de\\\/?s={search_term_string}\"},\"query-input\":{\"@type\":\"PropertyValueSpecification\",\"valueRequired\":true,\"valueName\":\"search_term_string\"}}],\"inLanguage\":\"de\"},{\"@type\":\"Organization\",\"@id\":\"https:\\\/\\\/managerino.de\\\/#organization\",\"name\":\"Managerino\",\"url\":\"https:\\\/\\\/managerino.de\\\/\",\"logo\":{\"@type\":\"ImageObject\",\"inLanguage\":\"de\",\"@id\":\"https:\\\/\\\/managerino.de\\\/#\\\/schema\\\/logo\\\/image\\\/\",\"url\":\"https:\\\/\\\/managerino.de\\\/wp-content\\\/uploads\\\/2021\\\/12\\\/cropped-IconOnly.png\",\"contentUrl\":\"https:\\\/\\\/managerino.de\\\/wp-content\\\/uploads\\\/2021\\\/12\\\/cropped-IconOnly.png\",\"width\":1024,\"height\":1024,\"caption\":\"Managerino\"},\"image\":{\"@id\":\"https:\\\/\\\/managerino.de\\\/#\\\/schema\\\/logo\\\/image\\\/\"}}]}<\/script>\n<!-- \/ Yoast SEO plugin. -->","yoast_head_json":{"title":"Managerino-warum? - Managerino","robots":{"index":"index","follow":"follow","max-snippet":"max-snippet:-1","max-image-preview":"max-image-preview:large","max-video-preview":"max-video-preview:-1"},"canonical":"https:\/\/managerino.de\/?page_id=437","og_locale":"de_DE","og_type":"article","og_title":"Managerino-warum? - Managerino","og_description":"Individuelle Zeiterfassungsger\u00e4te Erfassen Sie die Arbeitszeiten Ihrer Mitarbeiterinnen und Mitarbeiter klassisch \u00fcber Zeiterfassungsger\u00e4te per Chip, Mitarbeiterausweis, NFC oder online. Individuell anpassbar Moderne, intuitive und benutzerfreundliche Bedienung mit modernster Technologie zur [&hellip;]","og_url":"https:\/\/managerino.de\/?page_id=437","og_site_name":"Managerino","article_modified_time":"2022-09-14T08:53:23+00:00","twitter_card":"summary_large_image","twitter_misc":{"Gesch\u00e4tzte Lesezeit":"1\u00a0Minute"},"schema":{"@context":"https:\/\/schema.org","@graph":[{"@type":"WebPage","@id":"https:\/\/managerino.de\/?page_id=437","url":"https:\/\/managerino.de\/?page_id=437","name":"Managerino-warum? - Managerino","isPartOf":{"@id":"https:\/\/managerino.de\/#website"},"datePublished":"2022-09-07T14:06:59+00:00","dateModified":"2022-09-14T08:53:23+00:00","breadcrumb":{"@id":"https:\/\/managerino.de\/?page_id=437#breadcrumb"},"inLanguage":"de","potentialAction":[{"@type":"ReadAction","target":["https:\/\/managerino.de\/?page_id=437"]}]},{"@type":"BreadcrumbList","@id":"https:\/\/managerino.de\/?page_id=437#breadcrumb","itemListElement":[{"@type":"ListItem","position":1,"name":"Startseite","item":"https:\/\/managerino.de\/"},{"@type":"ListItem","position":2,"name":"Managerino-warum?"}]},{"@type":"WebSite","@id":"https:\/\/managerino.de\/#website","url":"https:\/\/managerino.de\/","name":"Managerino","description":"manage employees, work efficiently!","publisher":{"@id":"https:\/\/managerino.de\/#organization"},"potentialAction":[{"@type":"SearchAction","target":{"@type":"EntryPoint","urlTemplate":"https:\/\/managerino.de\/?s={search_term_string}"},"query-input":{"@type":"PropertyValueSpecification","valueRequired":true,"valueName":"search_term_string"}}],"inLanguage":"de"},{"@type":"Organization","@id":"https:\/\/managerino.de\/#organization","name":"Managerino","url":"https:\/\/managerino.de\/","logo":{"@type":"ImageObject","inLanguage":"de","@id":"https:\/\/managerino.de\/#\/schema\/logo\/image\/","url":"https:\/\/managerino.de\/wp-content\/uploads\/2021\/12\/cropped-IconOnly.png","contentUrl":"https:\/\/managerino.de\/wp-content\/uploads\/2021\/12\/cropped-IconOnly.png","width":1024,"height":1024,"caption":"Managerino"},"image":{"@id":"https:\/\/managerino.de\/#\/schema\/logo\/image\/"}}]}},"_links":{"self":[{"href":"https:\/\/managerino.de\/index.php?rest_route=\/wp\/v2\/pages\/437","targetHints":{"allow":["GET"]}}],"collection":[{"href":"https:\/\/managerino.de\/index.php?rest_route=\/wp\/v2\/pages"}],"about":[{"href":"https:\/\/managerino.de\/index.php?rest_route=\/wp\/v2\/types\/page"}],"author":[{"embeddable":true,"href":"https:\/\/managerino.de\/index.php?rest_route=\/wp\/v2\/users\/1"}],"replies":[{"embeddable":true,"href":"https:\/\/managerino.de\/index.php?rest_route=%2Fwp%2Fv2%2Fcomments&post=437"}],"version-history":[{"count":8,"href":"https:\/\/managerino.de\/index.php?rest_route=\/wp\/v2\/pages\/437\/revisions"}],"predecessor-version":[{"id":567,"href":"https:\/\/managerino.de\/index.php?rest_route=\/wp\/v2\/pages\/437\/revisions\/567"}],"wp:attachment":[{"href":"https:\/\/managerino.de\/index.php?rest_route=%2Fwp%2Fv2%2Fmedia&parent=437"}],"curies":[{"name":"wp","href":"https:\/\/api.w.org\/{rel}","templated":true}]}}