{"id":556,"date":"2022-09-14T08:46:53","date_gmt":"2022-09-14T08:46:53","guid":{"rendered":"https:\/\/www.managerino.de\/?page_id=556"},"modified":"2022-09-14T15:13:48","modified_gmt":"2022-09-14T15:13:48","slug":"support","status":"publish","type":"page","link":"https:\/\/managerino.de\/?page_id=556","title":{"rendered":"Support"},"content":{"rendered":"\n<div class=\"wp-block-columns is-layout-flex wp-container-core-columns-is-layout-9d6595d7 wp-block-columns-is-layout-flex\">\n<div class=\"wp-block-column is-layout-flow wp-block-column-is-layout-flow\">\n<p>Bei Managerino\u00ae erhalten Sie im Supportfall ausschlie\u00dflich deutschsprachige Ansprechpartner.<\/p>\n\n\n\n<p>Unsere Bearbeitungswege sind kurz und effizient. Gerade aus diesem Grund k\u00f6nnen wir unseren Kunden schnelle und zuverl\u00e4ssige Hilfe gew\u00e4hrleisten.<\/p>\n\n\n\n<p>Der Support ist Bestandteil des Grundpreises und somit f\u00fcr unsere Kunden kostenfrei.<\/p>\n<\/div>\n\n\n\n<div class=\"wp-block-column is-layout-flow wp-block-column-is-layout-flow\">\n<figure class=\"wp-block-image size-full is-resized\"><img loading=\"lazy\" decoding=\"async\" src=\"https:\/\/www.managerino.de\/wp-content\/uploads\/2022\/09\/Managerino_support-1024x682-1-e1663144105881.jpg\" alt=\"\" class=\"wp-image-558\" width=\"281\" height=\"266\" srcset=\"https:\/\/managerino.de\/wp-content\/uploads\/2022\/09\/Managerino_support-1024x682-1-e1663144105881.jpg 716w, https:\/\/managerino.de\/wp-content\/uploads\/2022\/09\/Managerino_support-1024x682-1-e1663144105881-300x285.jpg 300w\" sizes=\"auto, (max-width: 281px) 100vw, 281px\" \/><\/figure>\n<\/div>\n<\/div>\n\n\n\n<p><\/p>\n","protected":false},"excerpt":{"rendered":"<p>Bei Managerino\u00ae erhalten Sie im Supportfall ausschlie\u00dflich deutschsprachige Ansprechpartner. Unsere Bearbeitungswege sind kurz und effizient. Gerade aus diesem Grund k\u00f6nnen wir unseren Kunden schnelle und zuverl\u00e4ssige Hilfe gew\u00e4hrleisten. Der Support [&hellip;]<\/p>\n","protected":false},"author":1,"featured_media":0,"parent":0,"menu_order":0,"comment_status":"closed","ping_status":"closed","template":"","meta":{"footnotes":""},"class_list":["post-556","page","type-page","status-publish","hentry"],"yoast_head":"<!-- This site is optimized with the Yoast SEO plugin v27.4 - https:\/\/yoast.com\/product\/yoast-seo-wordpress\/ -->\n<title>Support - Managerino<\/title>\n<meta name=\"robots\" content=\"index, follow, max-snippet:-1, max-image-preview:large, max-video-preview:-1\" \/>\n<link rel=\"canonical\" href=\"https:\/\/managerino.de\/?page_id=556\" \/>\n<meta property=\"og:locale\" content=\"de_DE\" \/>\n<meta property=\"og:type\" content=\"article\" \/>\n<meta property=\"og:title\" content=\"Support - Managerino\" \/>\n<meta property=\"og:description\" content=\"Bei Managerino\u00ae erhalten Sie im Supportfall ausschlie\u00dflich deutschsprachige Ansprechpartner. Unsere Bearbeitungswege sind kurz und effizient. Gerade aus diesem Grund k\u00f6nnen wir unseren Kunden schnelle und zuverl\u00e4ssige Hilfe gew\u00e4hrleisten. Der Support [&hellip;]\" \/>\n<meta property=\"og:url\" content=\"https:\/\/managerino.de\/?page_id=556\" \/>\n<meta property=\"og:site_name\" content=\"Managerino\" \/>\n<meta property=\"article:modified_time\" content=\"2022-09-14T15:13:48+00:00\" \/>\n<meta property=\"og:image\" content=\"https:\/\/www.managerino.de\/wp-content\/uploads\/2022\/09\/Managerino_support-1024x682-1-e1663144105881.jpg\" \/>\n<meta name=\"twitter:card\" content=\"summary_large_image\" \/>\n<meta name=\"twitter:label1\" content=\"Gesch\u00e4tzte Lesezeit\" \/>\n\t<meta name=\"twitter:data1\" content=\"1\u00a0Minute\" \/>\n<script type=\"application\/ld+json\" class=\"yoast-schema-graph\">{\"@context\":\"https:\\\/\\\/schema.org\",\"@graph\":[{\"@type\":\"WebPage\",\"@id\":\"https:\\\/\\\/managerino.de\\\/?page_id=556\",\"url\":\"https:\\\/\\\/managerino.de\\\/?page_id=556\",\"name\":\"Support - Managerino\",\"isPartOf\":{\"@id\":\"https:\\\/\\\/managerino.de\\\/#website\"},\"primaryImageOfPage\":{\"@id\":\"https:\\\/\\\/managerino.de\\\/?page_id=556#primaryimage\"},\"image\":{\"@id\":\"https:\\\/\\\/managerino.de\\\/?page_id=556#primaryimage\"},\"thumbnailUrl\":\"https:\\\/\\\/www.managerino.de\\\/wp-content\\\/uploads\\\/2022\\\/09\\\/Managerino_support-1024x682-1-e1663144105881.jpg\",\"datePublished\":\"2022-09-14T08:46:53+00:00\",\"dateModified\":\"2022-09-14T15:13:48+00:00\",\"breadcrumb\":{\"@id\":\"https:\\\/\\\/managerino.de\\\/?page_id=556#breadcrumb\"},\"inLanguage\":\"de\",\"potentialAction\":[{\"@type\":\"ReadAction\",\"target\":[\"https:\\\/\\\/managerino.de\\\/?page_id=556\"]}]},{\"@type\":\"ImageObject\",\"inLanguage\":\"de\",\"@id\":\"https:\\\/\\\/managerino.de\\\/?page_id=556#primaryimage\",\"url\":\"https:\\\/\\\/www.managerino.de\\\/wp-content\\\/uploads\\\/2022\\\/09\\\/Managerino_support-1024x682-1-e1663144105881.jpg\",\"contentUrl\":\"https:\\\/\\\/www.managerino.de\\\/wp-content\\\/uploads\\\/2022\\\/09\\\/Managerino_support-1024x682-1-e1663144105881.jpg\"},{\"@type\":\"BreadcrumbList\",\"@id\":\"https:\\\/\\\/managerino.de\\\/?page_id=556#breadcrumb\",\"itemListElement\":[{\"@type\":\"ListItem\",\"position\":1,\"name\":\"Startseite\",\"item\":\"https:\\\/\\\/managerino.de\\\/\"},{\"@type\":\"ListItem\",\"position\":2,\"name\":\"Support\"}]},{\"@type\":\"WebSite\",\"@id\":\"https:\\\/\\\/managerino.de\\\/#website\",\"url\":\"https:\\\/\\\/managerino.de\\\/\",\"name\":\"Managerino\",\"description\":\"manage employees, work efficiently!\",\"publisher\":{\"@id\":\"https:\\\/\\\/managerino.de\\\/#organization\"},\"potentialAction\":[{\"@type\":\"SearchAction\",\"target\":{\"@type\":\"EntryPoint\",\"urlTemplate\":\"https:\\\/\\\/managerino.de\\\/?s={search_term_string}\"},\"query-input\":{\"@type\":\"PropertyValueSpecification\",\"valueRequired\":true,\"valueName\":\"search_term_string\"}}],\"inLanguage\":\"de\"},{\"@type\":\"Organization\",\"@id\":\"https:\\\/\\\/managerino.de\\\/#organization\",\"name\":\"Managerino\",\"url\":\"https:\\\/\\\/managerino.de\\\/\",\"logo\":{\"@type\":\"ImageObject\",\"inLanguage\":\"de\",\"@id\":\"https:\\\/\\\/managerino.de\\\/#\\\/schema\\\/logo\\\/image\\\/\",\"url\":\"https:\\\/\\\/managerino.de\\\/wp-content\\\/uploads\\\/2021\\\/12\\\/cropped-IconOnly.png\",\"contentUrl\":\"https:\\\/\\\/managerino.de\\\/wp-content\\\/uploads\\\/2021\\\/12\\\/cropped-IconOnly.png\",\"width\":1024,\"height\":1024,\"caption\":\"Managerino\"},\"image\":{\"@id\":\"https:\\\/\\\/managerino.de\\\/#\\\/schema\\\/logo\\\/image\\\/\"}}]}<\/script>\n<!-- \/ Yoast SEO plugin. -->","yoast_head_json":{"title":"Support - Managerino","robots":{"index":"index","follow":"follow","max-snippet":"max-snippet:-1","max-image-preview":"max-image-preview:large","max-video-preview":"max-video-preview:-1"},"canonical":"https:\/\/managerino.de\/?page_id=556","og_locale":"de_DE","og_type":"article","og_title":"Support - Managerino","og_description":"Bei Managerino\u00ae erhalten Sie im Supportfall ausschlie\u00dflich deutschsprachige Ansprechpartner. Unsere Bearbeitungswege sind kurz und effizient. Gerade aus diesem Grund k\u00f6nnen wir unseren Kunden schnelle und zuverl\u00e4ssige Hilfe gew\u00e4hrleisten. Der Support [&hellip;]","og_url":"https:\/\/managerino.de\/?page_id=556","og_site_name":"Managerino","article_modified_time":"2022-09-14T15:13:48+00:00","og_image":[{"url":"https:\/\/www.managerino.de\/wp-content\/uploads\/2022\/09\/Managerino_support-1024x682-1-e1663144105881.jpg","type":"","width":"","height":""}],"twitter_card":"summary_large_image","twitter_misc":{"Gesch\u00e4tzte Lesezeit":"1\u00a0Minute"},"schema":{"@context":"https:\/\/schema.org","@graph":[{"@type":"WebPage","@id":"https:\/\/managerino.de\/?page_id=556","url":"https:\/\/managerino.de\/?page_id=556","name":"Support - Managerino","isPartOf":{"@id":"https:\/\/managerino.de\/#website"},"primaryImageOfPage":{"@id":"https:\/\/managerino.de\/?page_id=556#primaryimage"},"image":{"@id":"https:\/\/managerino.de\/?page_id=556#primaryimage"},"thumbnailUrl":"https:\/\/www.managerino.de\/wp-content\/uploads\/2022\/09\/Managerino_support-1024x682-1-e1663144105881.jpg","datePublished":"2022-09-14T08:46:53+00:00","dateModified":"2022-09-14T15:13:48+00:00","breadcrumb":{"@id":"https:\/\/managerino.de\/?page_id=556#breadcrumb"},"inLanguage":"de","potentialAction":[{"@type":"ReadAction","target":["https:\/\/managerino.de\/?page_id=556"]}]},{"@type":"ImageObject","inLanguage":"de","@id":"https:\/\/managerino.de\/?page_id=556#primaryimage","url":"https:\/\/www.managerino.de\/wp-content\/uploads\/2022\/09\/Managerino_support-1024x682-1-e1663144105881.jpg","contentUrl":"https:\/\/www.managerino.de\/wp-content\/uploads\/2022\/09\/Managerino_support-1024x682-1-e1663144105881.jpg"},{"@type":"BreadcrumbList","@id":"https:\/\/managerino.de\/?page_id=556#breadcrumb","itemListElement":[{"@type":"ListItem","position":1,"name":"Startseite","item":"https:\/\/managerino.de\/"},{"@type":"ListItem","position":2,"name":"Support"}]},{"@type":"WebSite","@id":"https:\/\/managerino.de\/#website","url":"https:\/\/managerino.de\/","name":"Managerino","description":"manage employees, work efficiently!","publisher":{"@id":"https:\/\/managerino.de\/#organization"},"potentialAction":[{"@type":"SearchAction","target":{"@type":"EntryPoint","urlTemplate":"https:\/\/managerino.de\/?s={search_term_string}"},"query-input":{"@type":"PropertyValueSpecification","valueRequired":true,"valueName":"search_term_string"}}],"inLanguage":"de"},{"@type":"Organization","@id":"https:\/\/managerino.de\/#organization","name":"Managerino","url":"https:\/\/managerino.de\/","logo":{"@type":"ImageObject","inLanguage":"de","@id":"https:\/\/managerino.de\/#\/schema\/logo\/image\/","url":"https:\/\/managerino.de\/wp-content\/uploads\/2021\/12\/cropped-IconOnly.png","contentUrl":"https:\/\/managerino.de\/wp-content\/uploads\/2021\/12\/cropped-IconOnly.png","width":1024,"height":1024,"caption":"Managerino"},"image":{"@id":"https:\/\/managerino.de\/#\/schema\/logo\/image\/"}}]}},"_links":{"self":[{"href":"https:\/\/managerino.de\/index.php?rest_route=\/wp\/v2\/pages\/556","targetHints":{"allow":["GET"]}}],"collection":[{"href":"https:\/\/managerino.de\/index.php?rest_route=\/wp\/v2\/pages"}],"about":[{"href":"https:\/\/managerino.de\/index.php?rest_route=\/wp\/v2\/types\/page"}],"author":[{"embeddable":true,"href":"https:\/\/managerino.de\/index.php?rest_route=\/wp\/v2\/users\/1"}],"replies":[{"embeddable":true,"href":"https:\/\/managerino.de\/index.php?rest_route=%2Fwp%2Fv2%2Fcomments&post=556"}],"version-history":[{"count":5,"href":"https:\/\/managerino.de\/index.php?rest_route=\/wp\/v2\/pages\/556\/revisions"}],"predecessor-version":[{"id":579,"href":"https:\/\/managerino.de\/index.php?rest_route=\/wp\/v2\/pages\/556\/revisions\/579"}],"wp:attachment":[{"href":"https:\/\/managerino.de\/index.php?rest_route=%2Fwp%2Fv2%2Fmedia&parent=556"}],"curies":[{"name":"wp","href":"https:\/\/api.w.org\/{rel}","templated":true}]}}