{"id":597,"date":"2023-01-27T14:41:23","date_gmt":"2023-01-27T14:41:23","guid":{"rendered":"https:\/\/managerino.de\/?page_id=597"},"modified":"2023-01-31T09:39:26","modified_gmt":"2023-01-31T09:39:26","slug":"projektmanagement","status":"publish","type":"page","link":"https:\/\/managerino.de\/?page_id=597","title":{"rendered":"Projektmanagement"},"content":{"rendered":"\n<p>Mit dem integrierten Projektmanagement von Managerino behalten Sie nicht nur \u00fcberblick \u00fcber die Auslastung Ihrer Mitarbeiterinnen und Mitarbeiter, sondern erhalten auch jederzeit einen aktuellen Finanz- und Projektstatus. <\/p>\n\n\n\n<p><\/p>\n\n\n\n<p>Legen Sie Kunden, Projekte und T\u00e4tigkeitsrollen an. Hinterlegen Sie Stundens\u00e4tze auf Projekt-oder T\u00e4tigkeitsebene, damit die ausgef\u00fchrten T\u00e4tigkeiten automatisch und korrekt verbucht werden.<\/p>\n\n\n\n<p><\/p>\n\n\n\n<h2 class=\"wp-block-heading\">Reporting<\/h2>\n\n\n\n<p>Mit den integrierten Reporting werten Sie ganz unkompliziert Ihre Einnahmen nach Kunden, Projekte, Mitarbeiter oder Aufgabe aus:<\/p>\n\n\n\n<p><em>Reporting auf dem Managerino-Dashboard:<\/em><\/p>\n\n\n\n<figure class=\"wp-block-image size-large is-resized\"><img loading=\"lazy\" decoding=\"async\" src=\"https:\/\/managerino.de\/wp-content\/uploads\/2023\/01\/Chart_dashboard-1024x490.jpg\" alt=\"\" class=\"wp-image-598\" width=\"768\" height=\"368\" srcset=\"https:\/\/managerino.de\/wp-content\/uploads\/2023\/01\/Chart_dashboard-1024x490.jpg 1024w, https:\/\/managerino.de\/wp-content\/uploads\/2023\/01\/Chart_dashboard-300x144.jpg 300w, https:\/\/managerino.de\/wp-content\/uploads\/2023\/01\/Chart_dashboard-768x368.jpg 768w, https:\/\/managerino.de\/wp-content\/uploads\/2023\/01\/Chart_dashboard-1536x735.jpg 1536w, https:\/\/managerino.de\/wp-content\/uploads\/2023\/01\/Chart_dashboard.jpg 1972w\" sizes=\"auto, (max-width: 768px) 100vw, 768px\" \/><\/figure>\n\n\n\n<br><br>\n\n\n\n<p><em>Anlegen eines neuen Kunden:<\/em><\/p>\n\n\n\n<figure class=\"wp-block-image size-large is-resized\"><img loading=\"lazy\" decoding=\"async\" src=\"https:\/\/managerino.de\/wp-content\/uploads\/2023\/01\/Projektmanagement-1024x687.jpg\" alt=\"\" class=\"wp-image-607\" width=\"768\" height=\"515\"\/><\/figure>\n\n\n\n<br><br>\n\n\n\n<p><em>Erfassen Sie Zeiten oder Filtern Sie nach diversen Suchkriterien um zum Beispiel erfasste Zeiten zu \u00fcberpr\u00fcfen<\/em>:<\/p>\n\n\n\n<figure class=\"wp-block-image size-large is-resized\"><img loading=\"lazy\" decoding=\"async\" src=\"https:\/\/managerino.de\/wp-content\/uploads\/2023\/01\/Projektmanagement-Zeiterfsssung-1024x425.jpg\" alt=\"\" class=\"wp-image-608\" width=\"768\" height=\"319\"\/><\/figure>\n\n\n\n<br><br>\n\n\n\n<p>Wie bei allen Modulen von Managerino haben Sie ein monatliches K\u00fcndigungsrecht. Sollten Sie das Modul nicht ben\u00f6tigen, k\u00f6nnen Sie es jederzeit K\u00fcndigen.<\/p>\n","protected":false},"excerpt":{"rendered":"<p>Mit dem integrierten Projektmanagement von Managerino behalten Sie nicht nur \u00fcberblick \u00fcber die Auslastung Ihrer Mitarbeiterinnen und Mitarbeiter, sondern erhalten auch jederzeit einen aktuellen Finanz- und Projektstatus. Legen Sie Kunden, [&hellip;]<\/p>\n","protected":false},"author":1,"featured_media":0,"parent":0,"menu_order":0,"comment_status":"closed","ping_status":"closed","template":"","meta":{"footnotes":""},"class_list":["post-597","page","type-page","status-publish","hentry"],"yoast_head":"<!-- This site is optimized with the Yoast SEO plugin v27.5 - https:\/\/yoast.com\/product\/yoast-seo-wordpress\/ -->\n<title>Projektmanagement - Managerino<\/title>\n<meta name=\"robots\" content=\"index, follow, max-snippet:-1, max-image-preview:large, max-video-preview:-1\" \/>\n<link rel=\"canonical\" href=\"https:\/\/managerino.de\/?page_id=597\" \/>\n<meta property=\"og:locale\" content=\"de_DE\" \/>\n<meta property=\"og:type\" content=\"article\" \/>\n<meta property=\"og:title\" content=\"Projektmanagement - Managerino\" \/>\n<meta property=\"og:description\" content=\"Mit dem integrierten Projektmanagement von Managerino behalten Sie nicht nur \u00fcberblick \u00fcber die Auslastung Ihrer Mitarbeiterinnen und Mitarbeiter, sondern erhalten auch jederzeit einen aktuellen Finanz- und Projektstatus. Legen Sie Kunden, [&hellip;]\" \/>\n<meta property=\"og:url\" content=\"https:\/\/managerino.de\/?page_id=597\" \/>\n<meta property=\"og:site_name\" content=\"Managerino\" \/>\n<meta property=\"article:modified_time\" content=\"2023-01-31T09:39:26+00:00\" \/>\n<meta property=\"og:image\" content=\"https:\/\/managerino.de\/wp-content\/uploads\/2023\/01\/Chart_dashboard-1024x490.jpg\" \/>\n<meta name=\"twitter:card\" content=\"summary_large_image\" \/>\n<meta name=\"twitter:label1\" content=\"Gesch\u00e4tzte Lesezeit\" \/>\n\t<meta name=\"twitter:data1\" content=\"2\u00a0Minuten\" \/>\n<script type=\"application\/ld+json\" class=\"yoast-schema-graph\">{\"@context\":\"https:\\\/\\\/schema.org\",\"@graph\":[{\"@type\":\"WebPage\",\"@id\":\"https:\\\/\\\/managerino.de\\\/?page_id=597\",\"url\":\"https:\\\/\\\/managerino.de\\\/?page_id=597\",\"name\":\"Projektmanagement - Managerino\",\"isPartOf\":{\"@id\":\"https:\\\/\\\/managerino.de\\\/#website\"},\"primaryImageOfPage\":{\"@id\":\"https:\\\/\\\/managerino.de\\\/?page_id=597#primaryimage\"},\"image\":{\"@id\":\"https:\\\/\\\/managerino.de\\\/?page_id=597#primaryimage\"},\"thumbnailUrl\":\"https:\\\/\\\/managerino.de\\\/wp-content\\\/uploads\\\/2023\\\/01\\\/Chart_dashboard-1024x490.jpg\",\"datePublished\":\"2023-01-27T14:41:23+00:00\",\"dateModified\":\"2023-01-31T09:39:26+00:00\",\"breadcrumb\":{\"@id\":\"https:\\\/\\\/managerino.de\\\/?page_id=597#breadcrumb\"},\"inLanguage\":\"de\",\"potentialAction\":[{\"@type\":\"ReadAction\",\"target\":[\"https:\\\/\\\/managerino.de\\\/?page_id=597\"]}]},{\"@type\":\"ImageObject\",\"inLanguage\":\"de\",\"@id\":\"https:\\\/\\\/managerino.de\\\/?page_id=597#primaryimage\",\"url\":\"https:\\\/\\\/managerino.de\\\/wp-content\\\/uploads\\\/2023\\\/01\\\/Chart_dashboard.jpg\",\"contentUrl\":\"https:\\\/\\\/managerino.de\\\/wp-content\\\/uploads\\\/2023\\\/01\\\/Chart_dashboard.jpg\",\"width\":1972,\"height\":944},{\"@type\":\"BreadcrumbList\",\"@id\":\"https:\\\/\\\/managerino.de\\\/?page_id=597#breadcrumb\",\"itemListElement\":[{\"@type\":\"ListItem\",\"position\":1,\"name\":\"Startseite\",\"item\":\"https:\\\/\\\/managerino.de\\\/\"},{\"@type\":\"ListItem\",\"position\":2,\"name\":\"Projektmanagement\"}]},{\"@type\":\"WebSite\",\"@id\":\"https:\\\/\\\/managerino.de\\\/#website\",\"url\":\"https:\\\/\\\/managerino.de\\\/\",\"name\":\"Managerino\",\"description\":\"manage employees, work efficiently!\",\"publisher\":{\"@id\":\"https:\\\/\\\/managerino.de\\\/#organization\"},\"potentialAction\":[{\"@type\":\"SearchAction\",\"target\":{\"@type\":\"EntryPoint\",\"urlTemplate\":\"https:\\\/\\\/managerino.de\\\/?s={search_term_string}\"},\"query-input\":{\"@type\":\"PropertyValueSpecification\",\"valueRequired\":true,\"valueName\":\"search_term_string\"}}],\"inLanguage\":\"de\"},{\"@type\":\"Organization\",\"@id\":\"https:\\\/\\\/managerino.de\\\/#organization\",\"name\":\"Managerino\",\"url\":\"https:\\\/\\\/managerino.de\\\/\",\"logo\":{\"@type\":\"ImageObject\",\"inLanguage\":\"de\",\"@id\":\"https:\\\/\\\/managerino.de\\\/#\\\/schema\\\/logo\\\/image\\\/\",\"url\":\"https:\\\/\\\/managerino.de\\\/wp-content\\\/uploads\\\/2021\\\/12\\\/cropped-IconOnly.png\",\"contentUrl\":\"https:\\\/\\\/managerino.de\\\/wp-content\\\/uploads\\\/2021\\\/12\\\/cropped-IconOnly.png\",\"width\":1024,\"height\":1024,\"caption\":\"Managerino\"},\"image\":{\"@id\":\"https:\\\/\\\/managerino.de\\\/#\\\/schema\\\/logo\\\/image\\\/\"}}]}<\/script>\n<!-- \/ Yoast SEO plugin. -->","yoast_head_json":{"title":"Projektmanagement - Managerino","robots":{"index":"index","follow":"follow","max-snippet":"max-snippet:-1","max-image-preview":"max-image-preview:large","max-video-preview":"max-video-preview:-1"},"canonical":"https:\/\/managerino.de\/?page_id=597","og_locale":"de_DE","og_type":"article","og_title":"Projektmanagement - Managerino","og_description":"Mit dem integrierten Projektmanagement von Managerino behalten Sie nicht nur \u00fcberblick \u00fcber die Auslastung Ihrer Mitarbeiterinnen und Mitarbeiter, sondern erhalten auch jederzeit einen aktuellen Finanz- und Projektstatus. Legen Sie Kunden, [&hellip;]","og_url":"https:\/\/managerino.de\/?page_id=597","og_site_name":"Managerino","article_modified_time":"2023-01-31T09:39:26+00:00","og_image":[{"url":"https:\/\/managerino.de\/wp-content\/uploads\/2023\/01\/Chart_dashboard-1024x490.jpg","type":"","width":"","height":""}],"twitter_card":"summary_large_image","twitter_misc":{"Gesch\u00e4tzte Lesezeit":"2\u00a0Minuten"},"schema":{"@context":"https:\/\/schema.org","@graph":[{"@type":"WebPage","@id":"https:\/\/managerino.de\/?page_id=597","url":"https:\/\/managerino.de\/?page_id=597","name":"Projektmanagement - Managerino","isPartOf":{"@id":"https:\/\/managerino.de\/#website"},"primaryImageOfPage":{"@id":"https:\/\/managerino.de\/?page_id=597#primaryimage"},"image":{"@id":"https:\/\/managerino.de\/?page_id=597#primaryimage"},"thumbnailUrl":"https:\/\/managerino.de\/wp-content\/uploads\/2023\/01\/Chart_dashboard-1024x490.jpg","datePublished":"2023-01-27T14:41:23+00:00","dateModified":"2023-01-31T09:39:26+00:00","breadcrumb":{"@id":"https:\/\/managerino.de\/?page_id=597#breadcrumb"},"inLanguage":"de","potentialAction":[{"@type":"ReadAction","target":["https:\/\/managerino.de\/?page_id=597"]}]},{"@type":"ImageObject","inLanguage":"de","@id":"https:\/\/managerino.de\/?page_id=597#primaryimage","url":"https:\/\/managerino.de\/wp-content\/uploads\/2023\/01\/Chart_dashboard.jpg","contentUrl":"https:\/\/managerino.de\/wp-content\/uploads\/2023\/01\/Chart_dashboard.jpg","width":1972,"height":944},{"@type":"BreadcrumbList","@id":"https:\/\/managerino.de\/?page_id=597#breadcrumb","itemListElement":[{"@type":"ListItem","position":1,"name":"Startseite","item":"https:\/\/managerino.de\/"},{"@type":"ListItem","position":2,"name":"Projektmanagement"}]},{"@type":"WebSite","@id":"https:\/\/managerino.de\/#website","url":"https:\/\/managerino.de\/","name":"Managerino","description":"manage employees, work efficiently!","publisher":{"@id":"https:\/\/managerino.de\/#organization"},"potentialAction":[{"@type":"SearchAction","target":{"@type":"EntryPoint","urlTemplate":"https:\/\/managerino.de\/?s={search_term_string}"},"query-input":{"@type":"PropertyValueSpecification","valueRequired":true,"valueName":"search_term_string"}}],"inLanguage":"de"},{"@type":"Organization","@id":"https:\/\/managerino.de\/#organization","name":"Managerino","url":"https:\/\/managerino.de\/","logo":{"@type":"ImageObject","inLanguage":"de","@id":"https:\/\/managerino.de\/#\/schema\/logo\/image\/","url":"https:\/\/managerino.de\/wp-content\/uploads\/2021\/12\/cropped-IconOnly.png","contentUrl":"https:\/\/managerino.de\/wp-content\/uploads\/2021\/12\/cropped-IconOnly.png","width":1024,"height":1024,"caption":"Managerino"},"image":{"@id":"https:\/\/managerino.de\/#\/schema\/logo\/image\/"}}]}},"_links":{"self":[{"href":"https:\/\/managerino.de\/index.php?rest_route=\/wp\/v2\/pages\/597","targetHints":{"allow":["GET"]}}],"collection":[{"href":"https:\/\/managerino.de\/index.php?rest_route=\/wp\/v2\/pages"}],"about":[{"href":"https:\/\/managerino.de\/index.php?rest_route=\/wp\/v2\/types\/page"}],"author":[{"embeddable":true,"href":"https:\/\/managerino.de\/index.php?rest_route=\/wp\/v2\/users\/1"}],"replies":[{"embeddable":true,"href":"https:\/\/managerino.de\/index.php?rest_route=%2Fwp%2Fv2%2Fcomments&post=597"}],"version-history":[{"count":5,"href":"https:\/\/managerino.de\/index.php?rest_route=\/wp\/v2\/pages\/597\/revisions"}],"predecessor-version":[{"id":612,"href":"https:\/\/managerino.de\/index.php?rest_route=\/wp\/v2\/pages\/597\/revisions\/612"}],"wp:attachment":[{"href":"https:\/\/managerino.de\/index.php?rest_route=%2Fwp%2Fv2%2Fmedia&parent=597"}],"curies":[{"name":"wp","href":"https:\/\/api.w.org\/{rel}","templated":true}]}}