{"id":60,"date":"2020-07-12T10:57:29","date_gmt":"2020-07-12T10:57:29","guid":{"rendered":"http:\/\/time-serv.de\/?page_id=60"},"modified":"2022-09-13T15:26:50","modified_gmt":"2022-09-13T15:26:50","slug":"zeiterfassungsterminals","status":"publish","type":"page","link":"https:\/\/managerino.de\/?page_id=60","title":{"rendered":"Zeiterfassung"},"content":{"rendered":"\n<h2 class=\"wp-block-heading\">Zeiterfassungsterminals<\/h2>\n\n\n\n<br><br>\n\n\n\n<p>Zur station\u00e4ren Arbeitszeiterfassung bietet wir Ihnen folgende Zeiterfassungsterminals an:<\/p>\n\n\n\n<br><br>\n\n\n\n<div class=\"wp-block-columns is-layout-flex wp-container-core-columns-is-layout-9d6595d7 wp-block-columns-is-layout-flex\">\n<div class=\"wp-block-column is-layout-flow wp-block-column-is-layout-flow\" style=\"flex-basis:29%\">\n<figure class=\"wp-block-image size-full is-resized\"><img loading=\"lazy\" decoding=\"async\" src=\"https:\/\/www.managerino.de\/wp-content\/uploads\/2021\/12\/Managerino-easy-1.jpg\" alt=\"\" class=\"wp-image-175\" width=\"191\" height=\"325\" srcset=\"https:\/\/managerino.de\/wp-content\/uploads\/2021\/12\/Managerino-easy-1.jpg 412w, https:\/\/managerino.de\/wp-content\/uploads\/2021\/12\/Managerino-easy-1-176x300.jpg 176w, https:\/\/managerino.de\/wp-content\/uploads\/2021\/12\/Managerino-easy-1-364x620.jpg 364w, https:\/\/managerino.de\/wp-content\/uploads\/2021\/12\/Managerino-easy-1-381x650.jpg 381w, https:\/\/managerino.de\/wp-content\/uploads\/2021\/12\/Managerino-easy-1-264x450.jpg 264w\" sizes=\"auto, (max-width: 191px) 100vw, 191px\" \/><\/figure>\n<\/div>\n\n\n\n<div class=\"wp-block-column is-layout-flow wp-block-column-is-layout-flow\">\n<h2 class=\"wp-block-heading\">Standard<\/h2>\n\n\n\n<p>Ein kompaktes und kosteng\u00fcnstiges Terminal zur Zeiterfassung. Voller Funktionsumfang zum besten Preis-Leistungs-Verh\u00e4ltnis&nbsp;<\/p>\n\n\n\n<p>Preis: 585,00 \u20ac<\/p>\n\n\n\n<p><strong>Technische Daten:<\/strong><\/p>\n\n\n\n<p class=\"has-small-font-size\"><strong>Erfassung:<\/strong> RFID oder RFID + Fingerprint<\/p>\n\n\n\n<p class=\"has-small-font-size\"><strong>Abmessungen:<\/strong> 109 mm x 200 mm x 85 mm (Breite x H\u00f6he x Tiefe) <\/p>\n\n\n\n<p class=\"has-small-font-size\"><strong>Display<\/strong>: 3,5 Zoll \/ 8,9 cm &#8211; 480 x 320&nbsp;px <\/p>\n\n\n\n<p class=\"has-small-font-size\"><strong>Netzwerk:<\/strong> Ethernet, Wireless Lan oder Mobilfunk<\/p>\n\n\n\n<p class=\"has-small-font-size\"><strong>Stromversorgung:<\/strong> Netzbetrieb oder Power over Ethernet (PoE)<\/p>\n<\/div>\n<\/div>\n\n\n\n<br>\n\n\n\n<div class=\"wp-block-columns is-layout-flex wp-container-core-columns-is-layout-9d6595d7 wp-block-columns-is-layout-flex\">\n<div class=\"wp-block-column is-layout-flow wp-block-column-is-layout-flow\" style=\"flex-basis:100%\">\n<div class=\"wp-block-columns is-layout-flex wp-container-core-columns-is-layout-9d6595d7 wp-block-columns-is-layout-flex\">\n<div class=\"wp-block-column is-layout-flow wp-block-column-is-layout-flow\" style=\"flex-basis:29.8%\">\n<figure class=\"wp-block-image size-medium is-resized is-style-default\"><img loading=\"lazy\" decoding=\"async\" src=\"https:\/\/managerino.de\/wp-content\/uploads\/2021\/12\/Universal-Kopie-156x300.jpg\" alt=\"\" class=\"wp-image-172\" width=\"179\" height=\"345\" srcset=\"https:\/\/managerino.de\/wp-content\/uploads\/2021\/12\/Universal-Kopie-156x300.jpg 156w, https:\/\/managerino.de\/wp-content\/uploads\/2021\/12\/Universal-Kopie-234x450.jpg 234w, https:\/\/managerino.de\/wp-content\/uploads\/2021\/12\/Universal-Kopie.jpg 239w\" sizes=\"auto, (max-width: 179px) 100vw, 179px\" \/><\/figure>\n<\/div>\n\n\n\n<div class=\"wp-block-column is-layout-flow wp-block-column-is-layout-flow\">\n<h2 class=\"wp-block-heading\">Universal<\/h2>\n\n\n\n<p>Kompakt, zeitlos und trotzdem individuell elegant. Genau das zeichnet dieses Ger\u00e4t aus.&nbsp;Die schlanke Form erm\u00f6glicht den Einsatz in engstem Raum (zum Beispiel neben T\u00fcren und Toren)<\/p>\n\n\n\n<p>Preis ab: 985,00 \u20ac<\/p>\n\n\n\n<p><strong>Technische Daten:<\/strong><\/p>\n\n\n\n<p class=\"has-small-font-size\"><strong>Erfassung:<\/strong> RFID oder RFID + Fingerprint<\/p>\n\n\n\n<p class=\"has-small-font-size\"><strong>Abmessungen<\/strong>: 85 mm x 208 mm x 27&nbsp;mm (Breite x H\u00f6he x Tiefe)<\/p>\n\n\n\n<p class=\"has-small-font-size\"><strong>Display:<\/strong> 3,5 Zoll \/ 8,9 cm&nbsp; &#8211; 320 x 480 Pixel<\/p>\n\n\n\n<p class=\"has-small-font-size\"><strong>Netzwerk:<\/strong> Ethernet oder Wireless Lan<\/p>\n\n\n\n<p class=\"has-small-font-size\"><strong>Stromversorgung:<\/strong> Netzbetrieb oder Power over Ethernet (PoE)<\/p>\n<\/div>\n<\/div>\n<\/div>\n<\/div>\n\n\n\n<h2 class=\"has-medium-font-size wp-block-heading\" style=\"font-style:normal;font-weight:600\">Zubeh\u00f6r<\/h2>\n\n\n\n<div class=\"wp-block-columns is-layout-flex wp-container-core-columns-is-layout-9d6595d7 wp-block-columns-is-layout-flex\">\n<div class=\"wp-block-column is-layout-flow wp-block-column-is-layout-flow\" style=\"flex-basis:29%\">\n<figure class=\"wp-block-image size-full is-resized\"><img loading=\"lazy\" decoding=\"async\" src=\"https:\/\/www.managerino.de\/wp-content\/uploads\/2022\/09\/managerino_rfid_shadow-e1663071099677.png\" alt=\"\" class=\"wp-image-515\" width=\"210\" height=\"210\" srcset=\"https:\/\/managerino.de\/wp-content\/uploads\/2022\/09\/managerino_rfid_shadow-e1663071099677.png 600w, https:\/\/managerino.de\/wp-content\/uploads\/2022\/09\/managerino_rfid_shadow-e1663071099677-300x300.png 300w, https:\/\/managerino.de\/wp-content\/uploads\/2022\/09\/managerino_rfid_shadow-e1663071099677-150x150.png 150w\" sizes=\"auto, (max-width: 210px) 100vw, 210px\" \/><\/figure>\n<\/div>\n\n\n\n<div class=\"wp-block-column is-layout-flow wp-block-column-is-layout-flow\">\n<h2 class=\"has-medium-font-size wp-block-heading\" style=\"font-style:normal;font-weight:600\">RFID Keyfob<\/h2>\n\n\n\n<p>Unser Managerino\u00ae-Keyfob entspricht \u00e4sthetischen Anforderungen und ist gleichzeitig praktisch und robust. Der Managerino\u00ae-Keyfob stellt mittlerweile eine attraktive Alternative zu den klassischen kontaktlosen Karten dar und wird in vielen Bereichen der Zutritts- und Sicherheitskontrollen genutzt.<\/p>\n\n\n\n<p><\/p>\n\n\n\n<p>Preis pro St\u00fcck: 3,50\u20ac<\/p>\n<\/div>\n<\/div>\n","protected":false},"excerpt":{"rendered":"<p>Zeiterfassungsterminals Zur station\u00e4ren Arbeitszeiterfassung bietet wir Ihnen folgende Zeiterfassungsterminals an: Standard Ein kompaktes und kosteng\u00fcnstiges Terminal zur Zeiterfassung. Voller Funktionsumfang zum besten Preis-Leistungs-Verh\u00e4ltnis&nbsp; Preis: 585,00 \u20ac Technische Daten: Erfassung: RFID [&hellip;]<\/p>\n","protected":false},"author":1,"featured_media":0,"parent":0,"menu_order":0,"comment_status":"closed","ping_status":"closed","template":"","meta":{"footnotes":""},"class_list":["post-60","page","type-page","status-publish","hentry"],"yoast_head":"<!-- This site is optimized with the Yoast SEO plugin v27.4 - https:\/\/yoast.com\/product\/yoast-seo-wordpress\/ -->\n<title>Zeiterfassung - Managerino<\/title>\n<meta name=\"robots\" content=\"index, follow, max-snippet:-1, max-image-preview:large, max-video-preview:-1\" \/>\n<link rel=\"canonical\" href=\"https:\/\/managerino.de\/?page_id=60\" \/>\n<meta property=\"og:locale\" content=\"de_DE\" \/>\n<meta property=\"og:type\" content=\"article\" \/>\n<meta property=\"og:title\" content=\"Zeiterfassung - Managerino\" \/>\n<meta property=\"og:description\" content=\"Zeiterfassungsterminals Zur station\u00e4ren Arbeitszeiterfassung bietet wir Ihnen folgende Zeiterfassungsterminals an: Standard Ein kompaktes und kosteng\u00fcnstiges Terminal zur Zeiterfassung. Voller Funktionsumfang zum besten Preis-Leistungs-Verh\u00e4ltnis&nbsp; Preis: 585,00 \u20ac Technische Daten: Erfassung: RFID [&hellip;]\" \/>\n<meta property=\"og:url\" content=\"https:\/\/managerino.de\/?page_id=60\" \/>\n<meta property=\"og:site_name\" content=\"Managerino\" \/>\n<meta property=\"article:modified_time\" content=\"2022-09-13T15:26:50+00:00\" \/>\n<meta property=\"og:image\" content=\"https:\/\/www.managerino.de\/wp-content\/uploads\/2021\/12\/Managerino-easy-1.jpg\" \/>\n<meta name=\"twitter:card\" content=\"summary_large_image\" \/>\n<meta name=\"twitter:label1\" content=\"Gesch\u00e4tzte Lesezeit\" \/>\n\t<meta name=\"twitter:data1\" content=\"2\u00a0Minuten\" \/>\n<script type=\"application\/ld+json\" class=\"yoast-schema-graph\">{\"@context\":\"https:\\\/\\\/schema.org\",\"@graph\":[{\"@type\":\"WebPage\",\"@id\":\"https:\\\/\\\/managerino.de\\\/?page_id=60\",\"url\":\"https:\\\/\\\/managerino.de\\\/?page_id=60\",\"name\":\"Zeiterfassung - Managerino\",\"isPartOf\":{\"@id\":\"https:\\\/\\\/managerino.de\\\/#website\"},\"primaryImageOfPage\":{\"@id\":\"https:\\\/\\\/managerino.de\\\/?page_id=60#primaryimage\"},\"image\":{\"@id\":\"https:\\\/\\\/managerino.de\\\/?page_id=60#primaryimage\"},\"thumbnailUrl\":\"https:\\\/\\\/www.managerino.de\\\/wp-content\\\/uploads\\\/2021\\\/12\\\/Managerino-easy-1.jpg\",\"datePublished\":\"2020-07-12T10:57:29+00:00\",\"dateModified\":\"2022-09-13T15:26:50+00:00\",\"breadcrumb\":{\"@id\":\"https:\\\/\\\/managerino.de\\\/?page_id=60#breadcrumb\"},\"inLanguage\":\"de\",\"potentialAction\":[{\"@type\":\"ReadAction\",\"target\":[\"https:\\\/\\\/managerino.de\\\/?page_id=60\"]}]},{\"@type\":\"ImageObject\",\"inLanguage\":\"de\",\"@id\":\"https:\\\/\\\/managerino.de\\\/?page_id=60#primaryimage\",\"url\":\"https:\\\/\\\/www.managerino.de\\\/wp-content\\\/uploads\\\/2021\\\/12\\\/Managerino-easy-1.jpg\",\"contentUrl\":\"https:\\\/\\\/www.managerino.de\\\/wp-content\\\/uploads\\\/2021\\\/12\\\/Managerino-easy-1.jpg\"},{\"@type\":\"BreadcrumbList\",\"@id\":\"https:\\\/\\\/managerino.de\\\/?page_id=60#breadcrumb\",\"itemListElement\":[{\"@type\":\"ListItem\",\"position\":1,\"name\":\"Startseite\",\"item\":\"https:\\\/\\\/managerino.de\\\/\"},{\"@type\":\"ListItem\",\"position\":2,\"name\":\"Zeiterfassung\"}]},{\"@type\":\"WebSite\",\"@id\":\"https:\\\/\\\/managerino.de\\\/#website\",\"url\":\"https:\\\/\\\/managerino.de\\\/\",\"name\":\"Managerino\",\"description\":\"manage employees, work efficiently!\",\"publisher\":{\"@id\":\"https:\\\/\\\/managerino.de\\\/#organization\"},\"potentialAction\":[{\"@type\":\"SearchAction\",\"target\":{\"@type\":\"EntryPoint\",\"urlTemplate\":\"https:\\\/\\\/managerino.de\\\/?s={search_term_string}\"},\"query-input\":{\"@type\":\"PropertyValueSpecification\",\"valueRequired\":true,\"valueName\":\"search_term_string\"}}],\"inLanguage\":\"de\"},{\"@type\":\"Organization\",\"@id\":\"https:\\\/\\\/managerino.de\\\/#organization\",\"name\":\"Managerino\",\"url\":\"https:\\\/\\\/managerino.de\\\/\",\"logo\":{\"@type\":\"ImageObject\",\"inLanguage\":\"de\",\"@id\":\"https:\\\/\\\/managerino.de\\\/#\\\/schema\\\/logo\\\/image\\\/\",\"url\":\"https:\\\/\\\/managerino.de\\\/wp-content\\\/uploads\\\/2021\\\/12\\\/cropped-IconOnly.png\",\"contentUrl\":\"https:\\\/\\\/managerino.de\\\/wp-content\\\/uploads\\\/2021\\\/12\\\/cropped-IconOnly.png\",\"width\":1024,\"height\":1024,\"caption\":\"Managerino\"},\"image\":{\"@id\":\"https:\\\/\\\/managerino.de\\\/#\\\/schema\\\/logo\\\/image\\\/\"}}]}<\/script>\n<!-- \/ Yoast SEO plugin. -->","yoast_head_json":{"title":"Zeiterfassung - Managerino","robots":{"index":"index","follow":"follow","max-snippet":"max-snippet:-1","max-image-preview":"max-image-preview:large","max-video-preview":"max-video-preview:-1"},"canonical":"https:\/\/managerino.de\/?page_id=60","og_locale":"de_DE","og_type":"article","og_title":"Zeiterfassung - Managerino","og_description":"Zeiterfassungsterminals Zur station\u00e4ren Arbeitszeiterfassung bietet wir Ihnen folgende Zeiterfassungsterminals an: Standard Ein kompaktes und kosteng\u00fcnstiges Terminal zur Zeiterfassung. Voller Funktionsumfang zum besten Preis-Leistungs-Verh\u00e4ltnis&nbsp; Preis: 585,00 \u20ac Technische Daten: Erfassung: RFID [&hellip;]","og_url":"https:\/\/managerino.de\/?page_id=60","og_site_name":"Managerino","article_modified_time":"2022-09-13T15:26:50+00:00","og_image":[{"url":"https:\/\/www.managerino.de\/wp-content\/uploads\/2021\/12\/Managerino-easy-1.jpg","type":"","width":"","height":""}],"twitter_card":"summary_large_image","twitter_misc":{"Gesch\u00e4tzte Lesezeit":"2\u00a0Minuten"},"schema":{"@context":"https:\/\/schema.org","@graph":[{"@type":"WebPage","@id":"https:\/\/managerino.de\/?page_id=60","url":"https:\/\/managerino.de\/?page_id=60","name":"Zeiterfassung - Managerino","isPartOf":{"@id":"https:\/\/managerino.de\/#website"},"primaryImageOfPage":{"@id":"https:\/\/managerino.de\/?page_id=60#primaryimage"},"image":{"@id":"https:\/\/managerino.de\/?page_id=60#primaryimage"},"thumbnailUrl":"https:\/\/www.managerino.de\/wp-content\/uploads\/2021\/12\/Managerino-easy-1.jpg","datePublished":"2020-07-12T10:57:29+00:00","dateModified":"2022-09-13T15:26:50+00:00","breadcrumb":{"@id":"https:\/\/managerino.de\/?page_id=60#breadcrumb"},"inLanguage":"de","potentialAction":[{"@type":"ReadAction","target":["https:\/\/managerino.de\/?page_id=60"]}]},{"@type":"ImageObject","inLanguage":"de","@id":"https:\/\/managerino.de\/?page_id=60#primaryimage","url":"https:\/\/www.managerino.de\/wp-content\/uploads\/2021\/12\/Managerino-easy-1.jpg","contentUrl":"https:\/\/www.managerino.de\/wp-content\/uploads\/2021\/12\/Managerino-easy-1.jpg"},{"@type":"BreadcrumbList","@id":"https:\/\/managerino.de\/?page_id=60#breadcrumb","itemListElement":[{"@type":"ListItem","position":1,"name":"Startseite","item":"https:\/\/managerino.de\/"},{"@type":"ListItem","position":2,"name":"Zeiterfassung"}]},{"@type":"WebSite","@id":"https:\/\/managerino.de\/#website","url":"https:\/\/managerino.de\/","name":"Managerino","description":"manage employees, work efficiently!","publisher":{"@id":"https:\/\/managerino.de\/#organization"},"potentialAction":[{"@type":"SearchAction","target":{"@type":"EntryPoint","urlTemplate":"https:\/\/managerino.de\/?s={search_term_string}"},"query-input":{"@type":"PropertyValueSpecification","valueRequired":true,"valueName":"search_term_string"}}],"inLanguage":"de"},{"@type":"Organization","@id":"https:\/\/managerino.de\/#organization","name":"Managerino","url":"https:\/\/managerino.de\/","logo":{"@type":"ImageObject","inLanguage":"de","@id":"https:\/\/managerino.de\/#\/schema\/logo\/image\/","url":"https:\/\/managerino.de\/wp-content\/uploads\/2021\/12\/cropped-IconOnly.png","contentUrl":"https:\/\/managerino.de\/wp-content\/uploads\/2021\/12\/cropped-IconOnly.png","width":1024,"height":1024,"caption":"Managerino"},"image":{"@id":"https:\/\/managerino.de\/#\/schema\/logo\/image\/"}}]}},"_links":{"self":[{"href":"https:\/\/managerino.de\/index.php?rest_route=\/wp\/v2\/pages\/60","targetHints":{"allow":["GET"]}}],"collection":[{"href":"https:\/\/managerino.de\/index.php?rest_route=\/wp\/v2\/pages"}],"about":[{"href":"https:\/\/managerino.de\/index.php?rest_route=\/wp\/v2\/types\/page"}],"author":[{"embeddable":true,"href":"https:\/\/managerino.de\/index.php?rest_route=\/wp\/v2\/users\/1"}],"replies":[{"embeddable":true,"href":"https:\/\/managerino.de\/index.php?rest_route=%2Fwp%2Fv2%2Fcomments&post=60"}],"version-history":[{"count":25,"href":"https:\/\/managerino.de\/index.php?rest_route=\/wp\/v2\/pages\/60\/revisions"}],"predecessor-version":[{"id":550,"href":"https:\/\/managerino.de\/index.php?rest_route=\/wp\/v2\/pages\/60\/revisions\/550"}],"wp:attachment":[{"href":"https:\/\/managerino.de\/index.php?rest_route=%2Fwp%2Fv2%2Fmedia&parent=60"}],"curies":[{"name":"wp","href":"https:\/\/api.w.org\/{rel}","templated":true}]}}